{"id":10,"date":"2015-03-12T14:08:01","date_gmt":"2015-03-12T14:08:01","guid":{"rendered":"http:\/\/avada.theme-fusion.com_demos\/lifestyle\/?page_id=10"},"modified":"2019-06-12T15:36:03","modified_gmt":"2019-06-12T13:36:03","slug":"stoffwechselanalyse-2","status":"publish","type":"page","link":"https:\/\/www.stoff-wechsel-analyse.de\/index.php\/stoffwechselanalyse-2\/","title":{"rendered":"CRS-Stoffwechselanalyse2"},"content":{"rendered":"<p><div class=\"fusion-fullwidth fullwidth-box fusion-builder-row-1 nonhundred-percent-fullwidth non-hundred-percent-height-scrolling\" style=\"background-color: rgba(255,255,255,0);background-position: center center;background-repeat: no-repeat;padding-top:0px;padding-right:0px;padding-bottom:0px;padding-left:0px;margin-bottom: 0px;margin-top: 0px;border-width: 0px 0px 0px 0px;border-color:#eae9e9;border-style:solid;\" ><div class=\"fusion-builder-row fusion-row\"><div class=\"fusion-layout-column fusion_builder_column fusion-builder-column-0 fusion_builder_column_1_2 1_2 fusion-one-half fusion-column-first\" style=\"width:50%;width:calc(50% - ( ( 4% ) * 0.5 ) );margin-right: 4%;margin-top:0px;margin-bottom:0px;\"><div class=\"fusion-column-wrapper fusion-flex-column-wrapper-legacy\" style=\"background-position:left top;background-repeat:no-repeat;-webkit-background-size:cover;-moz-background-size:cover;-o-background-size:cover;background-size:cover;padding: 15px 0px 0px 0px;\"><div class=\"fusion-text fusion-text-1\"><h3><span style=\"font-size: 20pt;\"><span style=\"color: #3aaa35;\">Schneller Stoffwechselcheck<\/span><span style=\"color: #3aaa35;\"><br \/>\n<\/span><\/span><\/h3>\n<p>Der Schl\u00fcssel zum Wunschgewicht steckt hinter dem Stoffwechsel eines jeden Menschen. Anhand einer fundierten Stoffwechsel-Analyse k\u00f6nnen wir einen ausgewogenen Ern\u00e4hrungsplan erstellen, der Ihnen bei einer nachhaltigen Gewichtsreduktion hilft.<\/p>\n<p>Wir benutzen dabei ein Messger\u00e4t, das anhand einer optischen Messung am Handballen die Eigenschaften des zellul\u00e4ren Stoffwechsels erfasst. Diese Methode ist v\u00f6llig schmerzfrei und liefert innerhalb weniger Sekunden eine Auswertung \u00fcber Ihre pers\u00f6nliche Stoffwechselsituation und die Versorgung mit Mikron\u00e4hrstoffen. So l\u00e4sst sich feststellen, ob Ihr Stoffwechsel sich in Balance befindet oder ob m\u00f6gliche Defizite vorliegen.<\/p>\n<\/div><div class=\"fusion-clearfix\"><\/div><\/div><\/div><div class=\"fusion-layout-column fusion_builder_column fusion-builder-column-1 fusion_builder_column_1_2 1_2 fusion-one-half fusion-column-last\" style=\"width:50%;width:calc(50% - ( ( 4% ) * 0.5 ) );margin-top:0px;margin-bottom:0px;\"><div class=\"fusion-column-wrapper fusion-flex-column-wrapper-legacy\" style=\"background-position:left top;background-repeat:no-repeat;-webkit-background-size:cover;-moz-background-size:cover;-o-background-size:cover;background-size:cover;padding: 40px 0px 0px 0px;\"><span class=\" fusion-imageframe imageframe-none imageframe-1 hover-type-zoomout\"><img decoding=\"async\" width=\"1024\" height=\"683\" title=\"Stoffwechselanalyse &#038; Gen-Test\" src=\"http:\/\/www.stoff-wechsel-analyse.de\/wp-content\/uploads\/2019\/02\/bericht-daten-dokument-1001752-e1549965177950-1024x683.jpg\" alt class=\"img-responsive wp-image-828\" srcset=\"https:\/\/www.stoff-wechsel-analyse.de\/wp-content\/uploads\/2019\/02\/bericht-daten-dokument-1001752-e1549965177950-200x133.jpg 200w, https:\/\/www.stoff-wechsel-analyse.de\/wp-content\/uploads\/2019\/02\/bericht-daten-dokument-1001752-e1549965177950-400x267.jpg 400w, https:\/\/www.stoff-wechsel-analyse.de\/wp-content\/uploads\/2019\/02\/bericht-daten-dokument-1001752-e1549965177950-600x400.jpg 600w, https:\/\/www.stoff-wechsel-analyse.de\/wp-content\/uploads\/2019\/02\/bericht-daten-dokument-1001752-e1549965177950-800x533.jpg 800w, https:\/\/www.stoff-wechsel-analyse.de\/wp-content\/uploads\/2019\/02\/bericht-daten-dokument-1001752-e1549965177950-1200x800.jpg 1200w, https:\/\/www.stoff-wechsel-analyse.de\/wp-content\/uploads\/2019\/02\/bericht-daten-dokument-1001752-e1549965177950.jpg 2500w\" sizes=\"(max-width: 800px) 100vw, 1024px\" \/><\/span><div class=\"fusion-clearfix\"><\/div><\/div><\/div><div class=\"fusion-layout-column fusion_builder_column fusion-builder-column-2 fusion_builder_column_1_2 1_2 fusion-one-half fusion-column-first\" style=\"width:50%;width:calc(50% - ( ( 4% ) * 0.5 ) );margin-right: 4%;margin-top:0px;margin-bottom:0px;\"><div class=\"fusion-column-wrapper fusion-flex-column-wrapper-legacy\" style=\"background-position:left top;background-repeat:no-repeat;-webkit-background-size:cover;-moz-background-size:cover;-o-background-size:cover;background-size:cover;padding: 40px 0px 0px 0px;\"><span class=\" fusion-imageframe imageframe-none imageframe-2 hover-type-zoomout\"><img decoding=\"async\" width=\"1024\" height=\"683\" title=\"Individueller Gentest bei Peggy Bach und Bodo Scheel\" src=\"http:\/\/www.stoff-wechsel-analyse.de\/wp-content\/uploads\/2019\/06\/Individueller-Gentest-bei-Peggy-Bach-und-Bodo-Scheel-1024x683.jpg\" alt class=\"img-responsive wp-image-1110\" srcset=\"https:\/\/www.stoff-wechsel-analyse.de\/wp-content\/uploads\/2019\/06\/Individueller-Gentest-bei-Peggy-Bach-und-Bodo-Scheel-200x133.jpg 200w, https:\/\/www.stoff-wechsel-analyse.de\/wp-content\/uploads\/2019\/06\/Individueller-Gentest-bei-Peggy-Bach-und-Bodo-Scheel-400x267.jpg 400w, https:\/\/www.stoff-wechsel-analyse.de\/wp-content\/uploads\/2019\/06\/Individueller-Gentest-bei-Peggy-Bach-und-Bodo-Scheel-600x400.jpg 600w, https:\/\/www.stoff-wechsel-analyse.de\/wp-content\/uploads\/2019\/06\/Individueller-Gentest-bei-Peggy-Bach-und-Bodo-Scheel-800x533.jpg 800w, https:\/\/www.stoff-wechsel-analyse.de\/wp-content\/uploads\/2019\/06\/Individueller-Gentest-bei-Peggy-Bach-und-Bodo-Scheel-1200x800.jpg 1200w, https:\/\/www.stoff-wechsel-analyse.de\/wp-content\/uploads\/2019\/06\/Individueller-Gentest-bei-Peggy-Bach-und-Bodo-Scheel.jpg 2500w\" sizes=\"(max-width: 800px) 100vw, 600px\" \/><\/span><div class=\"fusion-clearfix\"><\/div><\/div><\/div><div class=\"fusion-layout-column fusion_builder_column fusion-builder-column-3 fusion_builder_column_1_2 1_2 fusion-one-half fusion-column-last\" style=\"width:50%;width:calc(50% - ( ( 4% ) * 0.5 ) );margin-top:0px;margin-bottom:0px;\"><div class=\"fusion-column-wrapper fusion-flex-column-wrapper-legacy\" style=\"background-position:left top;background-repeat:no-repeat;-webkit-background-size:cover;-moz-background-size:cover;-o-background-size:cover;background-size:cover;padding: 15px 0px 0px 0px;\"><div class=\"fusion-text fusion-text-2\"><h3><span style=\"font-size: 20pt;\"><span style=\"color: #3aaa35;\">Gen-Test &amp; Stoffwechsel-Analyse<\/span><span style=\"color: #3aaa35;\"><br \/>\n<\/span><\/span><\/h3>\n<p>Zudem beziehen wir bei unserer ganzheitlichen Analyse auch einen Gen-Test mit ein. Hier entnehmen wir bei ihnen eine Speichelprobe, die in ein spezielles Gen-Labor nahe Salzburg geschickt wird. So k\u00f6nnen wir aufgrund des individuellen Tests auch R\u00fcckschl\u00fcsse auf ihren ganz eigenen Ern\u00e4hrungstyp schlie\u00dfen. Es gibt in unseren Augen eben nicht das <em>eine<\/em> Programm, um die Ern\u00e4hrung zu optimieren, sondern es muss auf jeden Menschen ganz speziell eingegangen werden.<\/p>\n<p>Und das geht eben am besten mit der Kombination aus Gent-Test und Stoffwechsel-Analyse. Anhand dieser Auswertungen k\u00f6nnen wir sehen, wie wir die Kohlenhydrat- und Eiwei\u00dfmenge wir bei Ihnen ver\u00e4ndern m\u00fcssen, um die Ern\u00e4hrung bestm\u00f6glich optimieren zu k\u00f6nnen. Wir ver\u00e4ndern mit Ihnen gemeinsam dann Essgewohnheiten und sie k\u00f6nnen Ihre Ern\u00e4hrung nachhaltig umstellen.<\/p>\n<\/div><div class=\"fusion-clearfix\"><\/div><\/div><\/div><div class=\"fusion-layout-column fusion_builder_column fusion-builder-column-4 fusion_builder_column_1_1 1_1 fusion-one-full fusion-column-first fusion-column-last\" style=\"margin-top:0px;margin-bottom:0px;\"><div class=\"fusion-column-wrapper fusion-flex-column-wrapper-legacy\" style=\"background-position:left top;background-repeat:no-repeat;-webkit-background-size:cover;-moz-background-size:cover;-o-background-size:cover;background-size:cover;padding: 20px 0px 0px 0px;\"><div class=\"fusion-text fusion-text-3\"><h3 style=\"text-align: center;\"><span style=\"font-size: 20pt; color: #3aaa35;\">Vielf\u00e4ltige Ergebnisse formen die Ern\u00e4hrungsberatung<\/span><\/h3>\n<p style=\"text-align: center;\">Die Ergebnisse der Analyse liefern R\u00fcckschl\u00fcsse auf die Effektivit\u00e4t Ihrer Immunabwehr, den Zustand Ihres Bindegewebes, Stress, \u00dcbers\u00e4uerung und die Mikron\u00e4hrstoffversorgung. Anhand dieser Ergebnisse k\u00f6nnen wir eine individuelle Ern\u00e4hrungsberatung \u2013 auf Sie zugeschnitten \u2013 liefern. Zusammen mit Ihnen besprechen wir dann, welche Ma\u00dfnahmen wir gegebenenfalls ergreifen k\u00f6nnen, um Ihren K\u00f6rper wieder in die Balance zur\u00fcckzuf\u00fchren oder diese dauerhaft zu erhalten. Vor allem die Ern\u00e4hrung und sportliche Aktivit\u00e4t, aber auch andere Aspekte aus Ihrem pers\u00f6nlichen Lebensstil werden wir hierf\u00fcr ins Auge fassen.<\/p>\n<\/div><div class=\"fusion-clearfix\"><\/div><\/div><\/div><\/div><\/div><div class=\"fusion-fullwidth fullwidth-box fusion-builder-row-2 fusion-parallax-fixed nonhundred-percent-fullwidth non-hundred-percent-height-scrolling\" style=\"background-color: rgba(255,255,255,0);background-image: url(&quot;http:\/\/www.stoff-wechsel-analyse.de\/wp-content\/uploads\/2015\/03\/health4.jpg&quot;);background-position: center center;background-repeat: no-repeat;padding-top:160px;padding-right:0px;padding-bottom:130px;padding-left:0px;margin-bottom: 0px;margin-top: 0px;border-width: 0px 0px 0px 0px;border-color:#eae9e9;border-style:solid;-webkit-background-size:cover;-moz-background-size:cover;-o-background-size:cover;background-size:cover;background-attachment:fixed;\" ><div class=\"fusion-builder-row fusion-row\"><div class=\"fusion-layout-column fusion_builder_column fusion-builder-column-5 fusion_builder_column_1_6 1_6 fusion-one-sixth fusion-column-first\" style=\"width:13.3333%; margin-right: 4%;margin-top:0px;margin-bottom:20px;\"><div class=\"fusion-column-wrapper fusion-flex-column-wrapper-legacy\" style=\"background-position:left top;background-repeat:no-repeat;-webkit-background-size:cover;-moz-background-size:cover;-o-background-size:cover;background-size:cover;padding: 0px 0px 0px 0px;\"><div class=\"fusion-clearfix\"><\/div><\/div><\/div><div class=\"fusion-layout-column fusion_builder_column fusion-builder-column-6 fusion_builder_column_2_3 2_3 fusion-two-third\" style=\"width:65.3333%; margin-right: 4%;margin-top:0px;margin-bottom:0px;\"><div class=\"fusion-column-wrapper fusion-flex-column-wrapper-legacy\" style=\"background-position:left top;background-repeat:no-repeat;-webkit-background-size:cover;-moz-background-size:cover;-o-background-size:cover;background-size:cover;padding: 0px 0px 0px 0px;\"><div class=\"fusion-testimonials clean fusion-testimonials-1\" data-random=\"0\" data-speed=\"8000\"><style type=\"text\/css\">#fusion-testimonials-1 a{border-color:#ffffff;}#fusion-testimonials-1 a:hover, #fusion-testimonials-1 .activeSlide{background-color: #ffffff;}.fusion-testimonials.clean.fusion-testimonials-1 .author:after{border-top-color:rgba(255,255,255,0) !important;}<\/style><div class=\"reviews\"><div class=\"review active-testimonial no-avatar\"><blockquote class=\"testimonials-shortcode-blockquote\"><q style=\"background-color:rgba(255,255,255,0);color:#ffffff;\" class=\"fusion-clearfix\">\n<p>\u201cWer das Ziel nicht kennt, wird den Weg nicht finden. &#8220;<\/p>\n<\/q><\/blockquote><div class=\"author\" style=\"color:#ffffff;\"><span class=\"company-name\"><strong>Anonymous \u2022 Zitat des Tages<\/strong><\/span><\/div><\/div><div class=\"review no-avatar\"><blockquote class=\"testimonials-shortcode-blockquote\"><q style=\"background-color:rgba(255,255,255,0);color:#ffffff;\" class=\"fusion-clearfix\">\n<p>\u201cDas Leben passiert w\u00e4hrend du dich auf den Weg machst.&#8220;<\/p>\n<\/q><\/blockquote><div class=\"author\" style=\"color:#ffffff;\"><span class=\"company-name\"><strong>Anonymous \u2022 Zitat des Tages<\/strong><\/span><\/div><\/div><\/div><\/div><div class=\"fusion-clearfix\"><\/div><\/div><\/div><div class=\"fusion-layout-column fusion_builder_column fusion-builder-column-7 fusion_builder_column_1_6 1_6 fusion-one-sixth fusion-column-last\" style=\"width:13.3333%;margin-top:0px;margin-bottom:20px;\"><div class=\"fusion-column-wrapper fusion-flex-column-wrapper-legacy\" style=\"background-position:left top;background-repeat:no-repeat;-webkit-background-size:cover;-moz-background-size:cover;-o-background-size:cover;background-size:cover;padding: 0px 0px 0px 0px;\"><div class=\"fusion-clearfix\"><\/div><\/div><\/div><\/div><\/div><\/p>\n","protected":false},"excerpt":{"rendered":"","protected":false},"author":1,"featured_media":0,"parent":0,"menu_order":0,"comment_status":"closed","ping_status":"open","template":"100-width.php","meta":{"footnotes":""},"class_list":["post-10","page","type-page","status-publish","hentry"],"aioseo_notices":[],"_links":{"self":[{"href":"https:\/\/www.stoff-wechsel-analyse.de\/index.php\/wp-json\/wp\/v2\/pages\/10","targetHints":{"allow":["GET"]}}],"collection":[{"href":"https:\/\/www.stoff-wechsel-analyse.de\/index.php\/wp-json\/wp\/v2\/pages"}],"about":[{"href":"https:\/\/www.stoff-wechsel-analyse.de\/index.php\/wp-json\/wp\/v2\/types\/page"}],"author":[{"embeddable":true,"href":"https:\/\/www.stoff-wechsel-analyse.de\/index.php\/wp-json\/wp\/v2\/users\/1"}],"replies":[{"embeddable":true,"href":"https:\/\/www.stoff-wechsel-analyse.de\/index.php\/wp-json\/wp\/v2\/comments?post=10"}],"version-history":[{"count":34,"href":"https:\/\/www.stoff-wechsel-analyse.de\/index.php\/wp-json\/wp\/v2\/pages\/10\/revisions"}],"predecessor-version":[{"id":1115,"href":"https:\/\/www.stoff-wechsel-analyse.de\/index.php\/wp-json\/wp\/v2\/pages\/10\/revisions\/1115"}],"wp:attachment":[{"href":"https:\/\/www.stoff-wechsel-analyse.de\/index.php\/wp-json\/wp\/v2\/media?parent=10"}],"curies":[{"name":"wp","href":"https:\/\/api.w.org\/{rel}","templated":true}]}}