{"id":12,"date":"2015-03-12T14:09:38","date_gmt":"2015-03-12T14:09:38","guid":{"rendered":"http:\/\/avada.theme-fusion.com_demos\/lifestyle\/?page_id=12"},"modified":"2019-05-29T13:22:12","modified_gmt":"2019-05-29T11:22:12","slug":"wege-zum-wunschgewicht","status":"publish","type":"page","link":"https:\/\/www.stoff-wechsel-analyse.de\/index.php\/wege-zum-wunschgewicht\/","title":{"rendered":"Wege zum Wunschgewicht"},"content":{"rendered":"<p><div class=\"fusion-fullwidth fullwidth-box fusion-builder-row-1 nonhundred-percent-fullwidth non-hundred-percent-height-scrolling\" style=\"background-color: rgba(255,255,255,0);background-position: left top;background-repeat: no-repeat;padding-top:0px;padding-right:0px;padding-bottom:0px;padding-left:0px;margin-bottom: 0px;margin-top: 0px;border-width: 0px 0px 0px 0px;border-color:#eae9e9;border-style:solid;\" ><div class=\"fusion-builder-row fusion-row\"><div class=\"fusion-layout-column fusion_builder_column fusion-builder-column-0 fusion_builder_column_1_1 1_1 fusion-one-full fusion-column-first fusion-column-last fusion-column-no-min-height\" style=\"margin-top:0px;margin-bottom:50px;\"><div class=\"fusion-column-wrapper fusion-flex-column-wrapper-legacy\" style=\"background-position:left top;background-repeat:no-repeat;-webkit-background-size:cover;-moz-background-size:cover;-o-background-size:cover;background-size:cover;padding: 0px 0px 0px 0px;\"><div class=\"fusion-sep-clear\"><\/div><div class=\"fusion-separator fusion-full-width-sep\" style=\"margin-left: auto;margin-right: auto;margin-top:-10px;width:100%;\"><\/div><div class=\"fusion-sep-clear\"><\/div><div class=\"fusion-clearfix\"><\/div><\/div><\/div><div class=\"fusion-layout-column fusion_builder_column fusion-builder-column-1 fusion_builder_column_1_2 1_2 fusion-one-half fusion-column-first\" style=\"width:48%; margin-right: 4%;margin-top:0px;margin-bottom:0px;\"><div class=\"fusion-column-wrapper fusion-flex-column-wrapper-legacy\" style=\"background-position:left top;background-repeat:no-repeat;-webkit-background-size:cover;-moz-background-size:cover;-o-background-size:cover;background-size:cover;padding: 0px 0px 0px 0px;\"><div class=\"fusion-text fusion-text-1\"><p>Seit mehr als 20 Jahren besch\u00e4ftigen wir, Peggy Bach und Bodo Scheel, uns intensiv mit den Themen Ern\u00e4hrung und Ern\u00e4hrungsberatung. Wir haben lange Zeit auch als Fitnesstrainer gearbeitet und konnten feststellen, dass viele unserer Kunden trotz Sportprogrammen nicht ihr Wunschgewicht erreichten. Andere wiederum haben streng Di\u00e4t gehalten und konnten entgegen aller Versprechungen nur m\u00e4\u00dfige Erfolge erzielen. Oft kam dann eine allgemeine Unzufriedenheit hinzu, da die Abnehmkuren gleichzeitig auch M\u00fcdigkeit und Schlappheit mit sich brachten. Kurzum, es stellte sich kein Wohlf\u00fchlgewicht ein.<\/p>\n<p>Vor allem aber stellen wir immer wieder fest: viele Menschen stehen in einem st\u00e4ndigen Kampf mit dem eigenen K\u00f6rper. Seien es Di\u00e4ten, Abnehmprogramme oder sportliche Leistungen \u2013 oft wird der K\u00f6rper nicht als Verb\u00fcndeter, sondern als erbitterter Gegner gesehen. Geben Sie noch nicht auf \u2013 denn der Schl\u00fcssel zum Erfolg liegt in einer individuell angepassten Strategie zum Abnehmen, bei der K\u00f6rper und Geist im Einklang zueinander stehen.<\/p>\n<p>Die Gr\u00fcnde f\u00fcr \u00dcbergewicht sind von Mensch zu Mensch verschieden, deshalb sollte auch ein Abnehmprogramm an die jeweilige Person und deren individuellen Stoffwechsel angepasst sein. Auch Geschm\u00e4cker, Freizeitgestaltung und Leistungsniveau unterscheiden sich teilweise stark und sollten stets bei einer Ern\u00e4hrungsberatung beachtet werden. Wir werfen daher einen ganzheitlichen Blick auf Ihren Stoffwechsel und Ihre Lebensumst\u00e4nde und beschreiten mit Ihnen zusammen Ihren individuellen Weg zu Ihrem Wunschgewicht.<\/p>\n<\/div><div class=\"fusion-clearfix\"><\/div><\/div><\/div><div class=\"fusion-layout-column fusion_builder_column fusion-builder-column-2 fusion_builder_column_1_2 1_2 fusion-one-half fusion-column-last\" style=\"width:48%;margin-top:0px;margin-bottom:0px;\"><div class=\"fusion-column-wrapper fusion-flex-column-wrapper-legacy\" style=\"background-position:left top;background-repeat:no-repeat;-webkit-background-size:cover;-moz-background-size:cover;-o-background-size:cover;background-size:cover;padding: 0px 0px 0px 0px;\"><div class=\"fusion-text fusion-text-2\"><p>Dass unser Stoffwechsel eng mit unserer Gesundheit und unserem Wohlbefinden verbunden ist, liegt f\u00fcr uns auf der Hand. Doch wir m\u00f6chten unser Wissen auch gerne anschaulich mit Ihnen teilen. Darum haben wir uns dar\u00fcber hinaus dazu entschlossen, bei unserer ausf\u00fchrlichen Vortragsreihe \u201eStoffwechsel-Analyse\u201c mit Ihnen gemeinsam das Themenfeld rund um Ern\u00e4hrung und individuellen Stoffwechsel zu beleuchten. Unter anderem gehen wir folgenden Fragen bei unserem Vortrag auf den Grund:<\/p>\n<ul>\n<li><span style=\"color: #006633;\">Welchen Einfluss hat meine Ern\u00e4hrung auf meine Gesundheit?<\/span><\/li>\n<li><span style=\"color: #006633;\">Warum kann ich nicht richtig abnehmen?<\/span><\/li>\n<li><span style=\"color: #006633;\">Was hat der Stoffwechsel mit meiner Gesundheit zu tun?<\/span><\/li>\n<li><span style=\"color: #006633;\">Warum ist der Stoffwechsel bei jedem Menschen anders?<\/span><\/li>\n<li><span style=\"color: #006633;\">Warum habe ich st\u00e4ndig Bl\u00e4hungen?<\/span><\/li>\n<li><span style=\"color: #006633;\">Warum habe ich Sodbrennen?<\/span><\/li>\n<li><span style=\"color: #006633;\">Ist \u00dcbergewicht vererbbar?<\/span><\/li>\n<li><span style=\"color: #006633;\">Woher kommen meine Probleme mit unreiner Haut?<\/span><\/li>\n<\/ul>\n<p>In unseren Vortr\u00e4gen gehen wir intensiv auf die Beantwortung dieser Fragen ein und zeigen Ihnen neue Wege zum Wunschgewicht auf. Zudem besprechen wir, wie bedeutsam der Einfluss einer gesunden und ausgewogenen Ern\u00e4hrung f\u00fcr die allgemeine Gesundheit und ein Rundum-Wohlgef\u00fchl ist. Auch die Darmgesundheit, der Stoffwechsel und der aktuelle Stand der Wissenschaft werden thematisiert.<\/p>\n<\/div><div class=\"fusion-clearfix\"><\/div><\/div><\/div><div class=\"fusion-layout-column fusion_builder_column fusion-builder-column-3 fusion_builder_column_1_1 1_1 fusion-one-full fusion-column-first fusion-column-last fusion-no-small-visibility\" style=\"margin-top:0px;margin-bottom:0px;\"><div class=\"fusion-column-wrapper fusion-flex-column-wrapper-legacy\" style=\"background-position:left top;background-repeat:no-repeat;-webkit-background-size:cover;-moz-background-size:cover;-o-background-size:cover;background-size:cover;padding: 0px 0px 0px 0px;\"><div class=\"fusion-sep-clear\"><\/div><div class=\"fusion-separator fusion-full-width-sep\" style=\"margin-left: auto;margin-right: auto;margin-top:40px;width:100%;\"><\/div><div class=\"fusion-sep-clear\"><\/div><style type=\"text\/css\">.fusion-gallery-1 .fusion-gallery-image {border:0px solid #f6f6f6;}<\/style><div class=\"awb-gallery-wrapper awb-gallery-wrapper-1 button-span-no\"><div class=\"fusion-gallery fusion-gallery-container fusion-grid-3 fusion-columns-total-3 fusion-gallery-layout-grid fusion-gallery-1\" style=\"margin:-5px;\"><div style=\"padding:5px;\" class=\"fusion-grid-column fusion-gallery-column fusion-gallery-column-3 hover-type-none\"><div class=\"fusion-gallery-image\"><a href=\"https:\/\/www.stoff-wechsel-analyse.de\/wp-content\/uploads\/2019\/05\/Peggy-Bach-Fitness-4-e1559128878688.jpg\" rel=\"noreferrer\" data-rel=\"iLightbox[gallery_image_1]\" class=\"fusion-lightbox\" target=\"_self\"><img decoding=\"async\" src=\"https:\/\/www.stoff-wechsel-analyse.de\/wp-content\/uploads\/2019\/05\/Peggy-Bach-Fitness-4-e1559128878688-460x295.jpg\" width=\"460\" height=\"295\" alt=\"\" title=\"Peggy Bach Fitness 4\" aria-label=\"Peggy Bach Fitness 4\" class=\"img-responsive wp-image-1091 fusion-gallery-image-size-fixed\"  \/><\/a><\/div><\/div><div style=\"padding:5px;\" class=\"fusion-grid-column fusion-gallery-column fusion-gallery-column-3 hover-type-none\"><div class=\"fusion-gallery-image\"><a href=\"https:\/\/www.stoff-wechsel-analyse.de\/wp-content\/uploads\/2019\/05\/Peggy-Bach-Bodo-Scheel-Fitness.jpg\" rel=\"noreferrer\" data-rel=\"iLightbox[gallery_image_1]\" class=\"fusion-lightbox\" target=\"_self\"><img decoding=\"async\" src=\"https:\/\/www.stoff-wechsel-analyse.de\/wp-content\/uploads\/2019\/05\/Peggy-Bach-Bodo-Scheel-Fitness-460x295.jpg\" width=\"460\" height=\"295\" alt=\"\" title=\"Peggy Bach Bodo Scheel Fitness\" aria-label=\"Peggy Bach Bodo Scheel Fitness\" class=\"img-responsive wp-image-1087 fusion-gallery-image-size-fixed\"  \/><\/a><\/div><\/div><div style=\"padding:5px;\" class=\"fusion-grid-column fusion-gallery-column fusion-gallery-column-3 hover-type-none\"><div class=\"fusion-gallery-image\"><a href=\"https:\/\/www.stoff-wechsel-analyse.de\/wp-content\/uploads\/2019\/05\/Peggy-Bach-Fitness-2-e1559128628348.jpg\" rel=\"noreferrer\" data-rel=\"iLightbox[gallery_image_1]\" class=\"fusion-lightbox\" target=\"_self\"><img decoding=\"async\" src=\"https:\/\/www.stoff-wechsel-analyse.de\/wp-content\/uploads\/2019\/05\/Peggy-Bach-Fitness-2-e1559128628348-460x295.jpg\" width=\"460\" height=\"295\" alt=\"\" title=\"Peggy Bach Fitness 2\" aria-label=\"Peggy Bach Fitness 2\" class=\"img-responsive wp-image-1089 fusion-gallery-image-size-fixed\"  \/><\/a><\/div><\/div><div class=\"clearfix\"><\/div><\/div><\/div><div class=\"fusion-sep-clear\"><\/div><div class=\"fusion-separator fusion-full-width-sep\" style=\"margin-left: auto;margin-right: auto;margin-top:40px;width:100%;\"><\/div><div class=\"fusion-sep-clear\"><\/div><div class=\"fusion-clearfix\"><\/div><\/div><\/div><div class=\"fusion-layout-column fusion_builder_column fusion-builder-column-4 fusion_builder_column_1_1 1_1 fusion-one-full fusion-column-first fusion-column-last fusion-column-no-min-height\" style=\"margin-top:0px;margin-bottom:0px;\"><div class=\"fusion-column-wrapper fusion-flex-column-wrapper-legacy\" style=\"background-position:left top;background-repeat:no-repeat;-webkit-background-size:cover;-moz-background-size:cover;-o-background-size:cover;background-size:cover;padding: 0px 0px 25px 0px;\"><div class=\"fusion-text fusion-text-3\"><h3 style=\"text-align: center;\"><strong><span style=\"color: #3aaa35;\">Wir laden Sie herzlich ein, an einem oder mehreren unserer Vortr\u00e4ge teilzunehmen.<\/span><\/strong><\/h3>\n<\/div><div class=\"fusion-clearfix\"><\/div><\/div><\/div><\/div><\/div><div class=\"fusion-fullwidth fullwidth-box fusion-builder-row-2 fusion-parallax-fixed nonhundred-percent-fullwidth non-hundred-percent-height-scrolling\" style=\"background-color: rgba(255,255,255,0);background-image: url(&quot;http:\/\/www.stoff-wechsel-analyse.de\/wp-content\/uploads\/2015\/03\/grass-family.jpg&quot;);background-position: center bottom;background-repeat: no-repeat;padding-top:160px;padding-right:0px;padding-bottom:130px;padding-left:0px;margin-bottom: 0px;margin-top: 0px;border-width: 0px 0px 0px 0px;border-color:#eae9e9;border-style:solid;-webkit-background-size:cover;-moz-background-size:cover;-o-background-size:cover;background-size:cover;background-attachment:fixed;\" ><div class=\"fusion-builder-row fusion-row\"><div class=\"fusion-layout-column fusion_builder_column fusion-builder-column-5 fusion_builder_column_1_6 1_6 fusion-one-sixth fusion-column-first\" style=\"width:13.3333%; margin-right: 4%;margin-top:0px;margin-bottom:20px;\"><div class=\"fusion-column-wrapper fusion-flex-column-wrapper-legacy\" style=\"background-position:left top;background-repeat:no-repeat;-webkit-background-size:cover;-moz-background-size:cover;-o-background-size:cover;background-size:cover;padding: 0px 0px 0px 0px;\"><div class=\"fusion-clearfix\"><\/div><\/div><\/div><div class=\"fusion-layout-column fusion_builder_column fusion-builder-column-6 fusion_builder_column_2_3 2_3 fusion-two-third\" style=\"width:65.3333%; margin-right: 4%;margin-top:0px;margin-bottom:0px;\"><div class=\"fusion-column-wrapper fusion-flex-column-wrapper-legacy\" style=\"background-position:left top;background-repeat:no-repeat;-webkit-background-size:cover;-moz-background-size:cover;-o-background-size:cover;background-size:cover;padding: 0px 0px 0px 0px;\"><div class=\"fusion-testimonials clean fusion-testimonials-1\" data-random=\"0\" data-speed=\"8000\"><style type=\"text\/css\">#fusion-testimonials-1 a{border-color:#ffffff;}#fusion-testimonials-1 a:hover, #fusion-testimonials-1 .activeSlide{background-color: #ffffff;}.fusion-testimonials.clean.fusion-testimonials-1 .author:after{border-top-color:transparent !important;}<\/style><div class=\"reviews\"><div class=\"review active-testimonial no-avatar\"><blockquote class=\"testimonials-shortcode-blockquote\"><q style=\"background-color:transparent;color:#ffffff;\" class=\"fusion-clearfix\">\n<p><span style=\"font-size: 14pt;\">\u201cDer Unterschied zwischen einem Berg und einem H\u00fcgel liegt in Deiner Perspektive.&#8220;<\/span><\/p>\n<\/q><\/blockquote><div class=\"author\" style=\"color:#ffffff;\"><span class=\"company-name\"><strong>Al Neuharth \u2022 Zitat des Tages<\/strong><\/span><\/div><\/div><div class=\"review no-avatar\"><blockquote class=\"testimonials-shortcode-blockquote\"><q style=\"background-color:transparent;color:#ffffff;\" class=\"fusion-clearfix\">\n<p><span style=\"font-size: 14pt;\">\u201cDas Leben ist ein Experiment. Je mehr Du experimentierst, desto mehr lebst Du.&#8220;<\/span><\/p>\n<\/q><\/blockquote><div class=\"author\" style=\"color:#ffffff;\"><span class=\"company-name\"><strong>Ralph Emerson Waldo \u2022 Zitat des Tages<\/strong><\/span><\/div><\/div><\/div><\/div><div class=\"fusion-clearfix\"><\/div><\/div><\/div><div class=\"fusion-layout-column fusion_builder_column fusion-builder-column-7 fusion_builder_column_1_6 1_6 fusion-one-sixth fusion-column-last\" style=\"width:13.3333%;margin-top:0px;margin-bottom:20px;\"><div class=\"fusion-column-wrapper fusion-flex-column-wrapper-legacy\" style=\"background-position:left top;background-repeat:no-repeat;-webkit-background-size:cover;-moz-background-size:cover;-o-background-size:cover;background-size:cover;padding: 0px 0px 0px 0px;\"><div class=\"fusion-clearfix\"><\/div><\/div><\/div><\/div><\/div><\/p>\n","protected":false},"excerpt":{"rendered":"","protected":false},"author":1,"featured_media":0,"parent":0,"menu_order":0,"comment_status":"closed","ping_status":"open","template":"100-width.php","meta":{"footnotes":""},"class_list":["post-12","page","type-page","status-publish","hentry"],"aioseo_notices":[],"_links":{"self":[{"href":"https:\/\/www.stoff-wechsel-analyse.de\/index.php\/wp-json\/wp\/v2\/pages\/12","targetHints":{"allow":["GET"]}}],"collection":[{"href":"https:\/\/www.stoff-wechsel-analyse.de\/index.php\/wp-json\/wp\/v2\/pages"}],"about":[{"href":"https:\/\/www.stoff-wechsel-analyse.de\/index.php\/wp-json\/wp\/v2\/types\/page"}],"author":[{"embeddable":true,"href":"https:\/\/www.stoff-wechsel-analyse.de\/index.php\/wp-json\/wp\/v2\/users\/1"}],"replies":[{"embeddable":true,"href":"https:\/\/www.stoff-wechsel-analyse.de\/index.php\/wp-json\/wp\/v2\/comments?post=12"}],"version-history":[{"count":39,"href":"https:\/\/www.stoff-wechsel-analyse.de\/index.php\/wp-json\/wp\/v2\/pages\/12\/revisions"}],"predecessor-version":[{"id":1092,"href":"https:\/\/www.stoff-wechsel-analyse.de\/index.php\/wp-json\/wp\/v2\/pages\/12\/revisions\/1092"}],"wp:attachment":[{"href":"https:\/\/www.stoff-wechsel-analyse.de\/index.php\/wp-json\/wp\/v2\/media?parent=12"}],"curies":[{"name":"wp","href":"https:\/\/api.w.org\/{rel}","templated":true}]}}