{"id":120,"date":"2017-09-28T07:34:12","date_gmt":"2017-09-28T05:34:12","guid":{"rendered":"http:\/\/bodo.meister-weber.de\/?page_id=120"},"modified":"2023-05-23T20:15:45","modified_gmt":"2023-05-23T18:15:45","slug":"impressum","status":"publish","type":"page","link":"https:\/\/www.stoff-wechsel-analyse.de\/index.php\/impressum\/","title":{"rendered":"Impressum"},"content":{"rendered":"<p>Scheel &amp; Bach GbR<br \/>\nErn\u00e4hrung &#8211; Gewichtsreduktion &#8211; Stoffwechselanalysen<\/p>\n<p>Im F\u00fcmmels 2<br \/>\n36452 Kaltennordheim<\/p>\n<p>Telefon: \u00a0 0171 7533 705<\/p>\n<p>E-Mail: bodo.scheel@yahoo.de<br \/>\nInternet: www.stoff-wechsel-analyse.de<\/p>\n<p>Haftungshinweis: Trotz sorgf\u00e4ltiger inhaltlicher Kontrolle \u00fcbernehmen wir keine Haftung f\u00fcr die Inhalte externer Links. F\u00fcr den Inhalt der verlinkten Seiten sind ausschlie\u00dflich deren Betreiber verantwortlich.<\/p>\n<p>Alle Logos, Bilder und Warenzeichen sind Eigentum der jeweiligen Rechteinhaber.<\/p>\n","protected":false},"excerpt":{"rendered":"<p>Scheel &amp; Bach GbR Ern\u00e4hrung &#8211; Gewichtsreduktion &#8211; Stoffwechselanalysen Im F\u00fcmmels 2 36452 Kaltennordheim Telefon: \u00a0 0171 7533 705 E-Mail: bodo.scheel@yahoo.de Internet: www.stoff-wechsel-analyse.de Haftungshinweis: Trotz sorgf\u00e4ltiger inhaltlicher Kontrolle \u00fcbernehmen wir keine Haftung f\u00fcr die Inhalte [&hellip;]<\/p>\n","protected":false},"author":1,"featured_media":0,"parent":0,"menu_order":0,"comment_status":"closed","ping_status":"closed","template":"","meta":{"footnotes":""},"class_list":["post-120","page","type-page","status-publish","hentry"],"aioseo_notices":[],"_links":{"self":[{"href":"https:\/\/www.stoff-wechsel-analyse.de\/index.php\/wp-json\/wp\/v2\/pages\/120","targetHints":{"allow":["GET"]}}],"collection":[{"href":"https:\/\/www.stoff-wechsel-analyse.de\/index.php\/wp-json\/wp\/v2\/pages"}],"about":[{"href":"https:\/\/www.stoff-wechsel-analyse.de\/index.php\/wp-json\/wp\/v2\/types\/page"}],"author":[{"embeddable":true,"href":"https:\/\/www.stoff-wechsel-analyse.de\/index.php\/wp-json\/wp\/v2\/users\/1"}],"replies":[{"embeddable":true,"href":"https:\/\/www.stoff-wechsel-analyse.de\/index.php\/wp-json\/wp\/v2\/comments?post=120"}],"version-history":[{"count":5,"href":"https:\/\/www.stoff-wechsel-analyse.de\/index.php\/wp-json\/wp\/v2\/pages\/120\/revisions"}],"predecessor-version":[{"id":1151,"href":"https:\/\/www.stoff-wechsel-analyse.de\/index.php\/wp-json\/wp\/v2\/pages\/120\/revisions\/1151"}],"wp:attachment":[{"href":"https:\/\/www.stoff-wechsel-analyse.de\/index.php\/wp-json\/wp\/v2\/media?parent=120"}],"curies":[{"name":"wp","href":"https:\/\/api.w.org\/{rel}","templated":true}]}}